{"id":9111,"date":"2023-01-15T11:12:55","date_gmt":"2023-01-15T10:12:55","guid":{"rendered":"https:\/\/zadra-aviationcharter.ch\/?page_id=9111"},"modified":"2025-09-15T15:17:55","modified_gmt":"2025-09-15T13:17:55","slug":"terms-conditions","status":"publish","type":"page","link":"https:\/\/zadra-aviationcharter.ch\/fr\/terms-conditions\/","title":{"rendered":"Conditions g\u00e9n\u00e9rales"},"content":{"rendered":"<div class=\"wpb-content-wrapper\"><div class=\"vc_row wpb_row vc_row-fluid\"><div class=\"wpb_column vc_column_container vc_col-sm-12\"><div class=\"vc_column-inner\"><div class=\"wpb_wrapper\">\n\t<div class=\"wpb_text_column wpb_content_element wpb_animate_when_almost_visible wpb_zoomIn zoomIn\" >\n\t\t<div class=\"wpb_wrapper\">\n\t\t\t<h4>Anwendbares Recht und Gerichtsstand<\/h4>\n<p>Le droit suisse s'applique aux conventions collectives suivantes.<\/p>\n<p>Die Zadra Aviation Charter GmbH kann jedoch auch vor den Gerichten des Wohnsitzes des Kunden klagen. Un recours devant le Tribunal f\u00e9d\u00e9ral suisse est possible.<\/p>\n<p>La soci\u00e9t\u00e9 Zadra Aviation Charter GmbH (CH-170.4.023.055-9), dont le si\u00e8ge se trouve \u00e0 la Gotthardstrasse 26, 6300 Zug, Suisse, est d\u00e9sormais d\u00e9sign\u00e9e sous le nom de \u201cZadra Aviation Charter\u201d.<\/p>\n<h4>1. Serviceleistungen<\/h4>\n<p>Zadra Aviation Charter est un affr\u00e9teur (plus connu sous le nom de <strong>\u201eBerater\u201c<\/strong> bezeichnet) und Flugmakler und arrangiert als solcher Lufttransporte, indem Zadra Aviation Charter als Vermittler oder Berater im Namen und im Auftrag seiner Kunden (weiters als <strong>\u201eKunden\u201c<\/strong> oder <strong>\u201eMitglied\u201c<\/strong> (en anglais) Flugzeuge oder Helikoptern von dritten Flugzeugbetreibern chartert. Zadra Aviation Charter agit uniquement en tant que Vermittler et Berater, ne loue pas elle-m\u00eame de v\u00e9hicules a\u00e9riens et n'est ni une entreprise de transport a\u00e9rien ni une entreprise indirecte de transport a\u00e9rien.<\/p>\n<p>Zadra Aviation Charter peut \u00e9tablir des devis pour des services d'affr\u00e8tement a\u00e9rien qui ont \u00e9t\u00e9 mis en place par d'autres compagnies a\u00e9riennes (les \u201cBetreibern\u201d).<\/p>\n<p>Les dispositions g\u00e9n\u00e9rales r\u00e9gissent l'acc\u00e8s au service de conseil et d'affr\u00e8tement de Zadra Aviation Charter. En tant que client ou collaborateur, vous devez \u00eatre conscient du fait que les conditions g\u00e9n\u00e9rales d'utilisation constituent une base. Vous ne devez utiliser le service de conseil et d'affr\u00e8tement que pour demander des renseignements l\u00e9gitimes, pour demander \u00e0 Zadra Aviation Charter les services offerts par les associ\u00e9s (les \"services\") et pour demander \u00e0 Zadra Aviation Charter d'offrir des services de conseil et d'affr\u00e8tement. <strong>\u201cFluganfrage\u201d<\/strong>) \u00e0 construire ou \u00e0 cr\u00e9er une association.<\/p>\n<p>Zadra Aviation Charter peut modifier ces dispositions g\u00e9n\u00e9rales \u00e0 tout moment. La mise en \u0153uvre des prestations de service n'est pas conforme aux dispositions g\u00e9n\u00e9rales en vigueur au moment de la mise en \u0153uvre.<\/p>\n<h4>2. Schweigepflicht<\/h4>\n<p>En tant que membre du Inhouse Charter Beratungsservice, vous vous engagez \u00e0 ce que toutes les informations transmises dans le cadre de cette convention soient trait\u00e9es de mani\u00e8re transparente et, en particulier, \u00e0 ce qu'aucune information transparente ne soit transmise \u00e0 d'autres personnes.<\/p>\n<p>Zadra Aviation Charter peut, en cas de violation de la l\u00e9gislation sur les droits de douane, se voir refuser l'acc\u00e8s \u00e0 l'espace a\u00e9rien.<\/p>\n<h4>3. Mod\u00e8le de gestion<\/h4>\n<p>Zadra Aviation Charter ne poss\u00e8de, ne loue, n'affr\u00e8te aucun avion personnel, n'est pas une entreprise de transport a\u00e9rien vertragliches, tats\u00e4chliches, directktes ou indirektes et n'offre aucune prestation de transport a\u00e9rien.<\/p>\n<p>Zadra Aviation Charter est un constructeur et un transporteur a\u00e9rien et agit principalement en tant qu'interm\u00e9diaire entre les clients et les transporteurs a\u00e9riens ou en tant que conseiller en mati\u00e8re d'affr\u00e8tement a\u00e9rien pour les clients. Zadra Aviation Charter organise la prise en charge des vols sur le chemin de fer par l'affr\u00e9teur des avions des clients et agit en tant qu'interm\u00e9diaire au nom et pour le compte de l'affr\u00e9teur ou en tant que conseiller en mati\u00e8re d'affr\u00e8tement de vols pour lesquels Zadra Aviation Charter agit en tant que conseiller et la communication entre l'adh\u00e9rent et les clients n'est pas assur\u00e9e et il n'y a pas de partenaire direct.<\/p>\n<p>Il n'y a pas de contrat de subvention ou d'affr\u00e8tement entre Zadra Aviation Charter et les b\u00e9n\u00e9ficiaires et\/ou les passagers (clients ou membres). Zadra Aviation Charter n'est pas partie prenante dans les contrats d'assistance ou d'affr\u00e8tement entre les b\u00e9n\u00e9ficiaires et les clients ou les associ\u00e9s (les \"passagers\"). <strong>\u201cBef\u00f6rderungsvertr\u00e4ge\u201d (avantages)\u201d<\/strong>) et n'a aucune responsabilit\u00e9 dans ce contexte (notamment en ce qui concerne les l\u00e9sions, les dommages, la mort, les pertes, les malheurs ou les pertes dues aux actes ou aux omissions du titulaire ou d'un autre titulaire, ou dans le contexte de l'ex\u00e9cution de la prestation et\/ou de la livraison (ou des prestations qui en d\u00e9coulent), sans pr\u00e9judice de l'application de la charte ou de la livraison des marchandises).<\/p>\n<p>Ces conditions g\u00e9n\u00e9rales d'emploi ne pr\u00e9voient aucune obligation concernant la promotion de l'aviation civile, et aucune obligation particuli\u00e8re n'est pr\u00e9vue entre le client ou l'associ\u00e9 et Zadra Aviation Charter.<\/p>\n<h4>4. Achat de prestations de service<\/h4>\n<p>L'acquisition et l'achat d'appareils d'affr\u00e8tement a\u00e9rien en tant que partie int\u00e9grante du service de conseil en affr\u00e8tement interne (et donc des services connexes) par l'interm\u00e9diaire de Zadra Aviation Charter ne constitue en aucun cas un contrat d'affr\u00e8tement entre l'affr\u00e9teur potentiel et Zadra Aviation Charter (un \u201ccontrat d'affr\u00e8tement a\u00e9rien\u201d) et est r\u00e9gi par ce contrat. Les clients qui ont conclu un contrat de partenariat avec Zadra Aviation Charter sont d\u00e9sign\u00e9s par le terme \u201epartenaire\u201c. Ce contrat d'affiliation est une convention entre Zadra Aviation Charter et le client. <strong>\u201cdem Berater\u201c<\/strong> et de l'associ\u00e9. En cas d'engagement d'un service d'affr\u00e8tement a\u00e9rien, l'adh\u00e9rent prend directement contact avec les transporteurs a\u00e9riens et non avec Zadra Aviation Charter. Zadra Aviation Charter assure la communication et se tient \u00e0 disposition. L'adh\u00e9rent s'adresse directement au service d'affr\u00e8tement a\u00e9rien et au pilote de l'avion. Zadra Aviation Charter fixe en principe une contribution de l'int\u00e9ress\u00e9 qui est pr\u00e9vue dans les dispositions l\u00e9gales en vigueur.<\/p>\n<p>Pour la conclusion d'un contrat d'affr\u00e8tement a\u00e9rien (et donc de contrats connexes) avec Zadra Aviation Charter, il faut, en tout \u00e9tat de cause, un contrat d'affr\u00e8tement a\u00e9rien conclu entre le client potentiel et Zadra Aviation Charter (un contrat d'affr\u00e8tement a\u00e9rien). <strong>\u201cFlugzeugcharter-Vermittlungsvertrag\u201d (contrat de location de v\u00e9hicules)\u201d<\/strong>) et a \u00e9t\u00e9 modifi\u00e9 en cons\u00e9quence.<\/p>\n<p>L'offre d'un vol ou d'un service de consultation de Zadra Aviation Charter ne peut pas \u00eatre consid\u00e9r\u00e9e comme une offre d'achat. En outre, aucune information sur le r\u00e9seau ne doit \u00eatre consid\u00e9r\u00e9e comme un avis de droit.<\/p>\n<p>Zadra Aviation Charter a le droit d'imposer \u00e0 une personne ou \u00e0 une installation l'ex\u00e9cution de ses obligations en mati\u00e8re de services, sans que cela ne lui soit impos\u00e9 par sa propre loi.<\/p>\n<h4>5. Informationsnutzung<\/h4>\n<p>Vous reconnaissez d'embl\u00e9e que l'utilisation des prestations de service s'effectue \u00e0 vos propres risques et \u00e0 vos propres frais. Vous ne devez pas modifier les prestations de service pour les mettre en \u0153uvre au nom et\/ou \u00e0 la suite d'une plainte ou d'une r\u00e9clamation, car vous \u00eates dans l'impossibilit\u00e9 d'agir de la sorte.<\/p>\n<p>Vous vous assurez et vous vous assurez que vous \u00eates en mesure de conclure des accords de coop\u00e9ration contraignants, notamment les accords de coop\u00e9ration g\u00e9n\u00e9rale, un contrat de location d'avion ou un contrat de location de bateau et un contrat d'assistance (qui peut \u00eatre conclu entre vous, par l'interm\u00e9diaire de Zadra Aviation Charter, et un autre partenaire). Sie versichern und garantieren, dass keine Beschr\u00e4nkungen auf Sie zutreffen, die Sie daran hindern w\u00fcrden, derartige Vereinbarungen einzugehen und nach zukommen.<\/p>\n<p>Vous ne devez pas, au nom d'un tiers, sous un nom erron\u00e9, avec une carte de cr\u00e9dit non valable ou en utilisant d'autres informations erron\u00e9es, faire d'objection ni accepter de participer \u00e0 un concours. En outre, votre avis ne doit pas \u00eatre sp\u00e9culatif, faux ou erron\u00e9. Il convient de veiller \u00e0 ce que les utilisateurs b\u00eatalg\u00e9riens ne soient pas l\u00e9s\u00e9s. Hier gilt das Schweizer Recht.<\/p>\n<h4>6. Vertragsaufl\u00f6sung<\/h4>\n<p>Votre acc\u00e8s \u00e0 nos prestations de services (services de conseil et services d'affr\u00e8tement) peut \u00eatre refus\u00e9 par Zadra Aviation Charter \u00e0 tout moment apr\u00e8s sa propre \u00e9valuation, avec ou sans autorisation et avec ou sans fondement.<\/p>\n<h4>7. Information- und Dateneigentum<\/h4>\n<p>Sans l'accord pr\u00e9alable de Zadra Aviation Charter, vous ne devez pas utiliser, copier, reproduire ou utiliser du mat\u00e9riel qui a \u00e9t\u00e9 publi\u00e9 sur le site Web officiel ou sur des m\u00e9dias sociaux par Zadra Aviation Charter. Gr\u00e2ce \u00e0 l'utilisation de nos dispositions de service et des dispositions g\u00e9n\u00e9rales d'application, vous comprenez que tous les mat\u00e9riaux et informations contenus dans le r\u00e9seau, y compris les photos, les logiciels, les vid\u00e9os, les donn\u00e9es, les photos, les graphiques, les images, les textes, les textes, les sch\u00e9mas et autres mat\u00e9riaux (les \"mat\u00e9riaux\") sont accept\u00e9s et reconnus comme tels. <strong>\u201cMaterialien\u201d<\/strong>) le patrimoine (y compris le patrimoine culturel) de Zadra Aviation Charter ou \u00e0 Zadra Aviation Charter. Sans l'accord pr\u00e9alable de Zadra Aviation Charter, vous ne devez pas utiliser, copier, reproduire ou modifier ce mat\u00e9riel.<\/p>\n<h4>9. Gew\u00e4hrleistungsausschluss und Haftungsbeschr\u00e4nkung<\/h4>\n<p>Toutes les informations, de quelque nature qu'elles soient, qui sont diffus\u00e9es sur le r\u00e9seau (site web, m\u00e9dias sociaux, messages, mat\u00e9riel de marketing, etc.) ou qui sont diffus\u00e9es sur l'internet, ne sont diffus\u00e9es qu'\u00e0 des fins d'information ou de diffusion, sans qu'il soit possible d'en d\u00e9duire une garantie absolue ou implicite. En outre, aucune garantie n'est accord\u00e9e pour la g\u00e9n\u00e9rosit\u00e9, l'actualit\u00e9, la fiabilit\u00e9, la justesse, l'exhaustivit\u00e9 ou la qualit\u00e9 des informations fournies, le traitement et\/ou l'annonce d'informations, la conclusion d'un contrat de location d'avion entre Zadra Aviation Charter et un partenaire, la fiabilit\u00e9 des informations fournies, le fait que les prestations de service soient correctes, fonctionnelles et\/ou exemptes de tout probl\u00e8me.<\/p>\n<p>Si cela est contraire au droit en vigueur, Zadra Aviation Charter et ses associ\u00e9s, partenaires, soci\u00e9t\u00e9s affili\u00e9es, directeurs, collaborateurs, agents, dirigeants, employ\u00e9s, aides, collaborateurs et employ\u00e9s sont tenus responsables des pertes, dommages, pertes de temps, dommages ou d\u00e9g\u00e2ts caus\u00e9s par les activit\u00e9s de Zadra Aviation Charter ou de ses associ\u00e9s :<\/p>\n<p>a. une mauvaise manipulation du r\u00e9seau ou un probl\u00e8me quelconque dans le cadre de ce r\u00e9seau ;<br \/>\nb. diesen Allgemeinen Gesch\u00e4ftsbedingungen ;<br \/>\nc. jede Bearbeitung oder Nichtbearbeitung einer Anfrage ; et<br \/>\nd. ses activit\u00e9s et\/ou ses actions dans le cadre de ces dispositions ;<br \/>\ne. les r\u00e9seaux (site web, m\u00e9dias sociaux, messages, mat\u00e9riel de marketing, etc.) et toutes les informations qui ont \u00e9t\u00e9 communiqu\u00e9es ou qui proviennent des r\u00e9seaux.<br \/>\nf. toutes les activit\u00e9s li\u00e9es au r\u00e9seau, est supprim\u00e9e.<\/p>\n<p>En tout \u00e9tat de cause, la responsabilit\u00e9 de Zadra Aviation Charter et de ses associ\u00e9s, partenaires, soci\u00e9t\u00e9s affili\u00e9es, mandataires, directeurs, collaborateurs, agents, mandataires, employ\u00e9s, aides, employ\u00e9s et employ\u00e9s de confiance est engag\u00e9e \u00e0 l'\u00e9gard des frais de dossier ou des frais indirects, ainsi qu'\u00e0 l'\u00e9gard des frais d'achat ou de vente en cours.<\/p>\n<h4>10. Schadenersatz<\/h4>\n<p>L'utilisation des prestations de service implique que Zadra Aviation Charter, ses associ\u00e9s, ses partenaires, ses entreprises affili\u00e9es, ses dirigeants, ses collaborateurs, ses agents, ses employ\u00e9s, ses employ\u00e9s de bureau, ses aides, ses employ\u00e9s de bureau et ses employ\u00e9s de bureau, ainsi que toutes les autres personnes (ci-apr\u00e8s d\u00e9nomm\u00e9es \"les personnes\") sont tenues de respecter les dispositions de la pr\u00e9sente convention et d'en respecter les dispositions. <strong>\u201cEntsch\u00e4digungsempf\u00e4nger\u201d<\/strong>) pour que toutes les formes directes ou indirectes (y compris les formes anormales) ne soient pas alt\u00e9r\u00e9es :<\/p>\n<p>a. et dans le cadre de mes interventions ou de mes engagements \u00e0 l'\u00e9gard, au nom et\/ou \u00e0 la demande d'un tiers, y compris de mes versements, ce tiers est tenu d'informer ce dernier de toutes les dispositions relatives \u00e0 l'utilisation du r\u00e9seau ou de l'autoriser \u00e0 les appliquer ;<\/p>\n<p>b. ou die sich aus oder in Verbindung mit einem Versto\u00df Ihrerseits gegen diese Allgemeinen Gesch\u00e4ftsbedingungen (einschlie\u00dflich jeglicher Zusicherungen oder Garantien Ihrerseits in diesen Allgemeinen Gesch\u00e4ftsbedingungen), gegen eine andere Vereinbarung oder gegen geltende Gesetze, Verordnungen, Anordnungen, Forderungen und Reiseanforderungen (einschlie\u00dflich Einwanderungs- und Zollbestimmungen) ergeben k\u00f6nnen.<\/p>\n<h4>11. Traitement des donn\u00e9es personnelles<\/h4>\n<p>Les donn\u00e9es personnelles sont trait\u00e9es par Zadra Aviation Charter en conformit\u00e9 avec la directive sur la protection des donn\u00e9es en vigueur dans le r\u00e9seau (site Web, m\u00e9dias sociaux, documents, mat\u00e9riel de marketing, etc.<\/p>\n<h4>12. Sonstiges<\/h4>\n<p>Ces conditions g\u00e9n\u00e9rales d'utilisation \u00e9tablissent la relation globale entre le client ou l'adh\u00e9rent et Zadra Aviation Charter en ce qui concerne l'utilisation des prestations de service et annulent toutes les conventions ou accords ant\u00e9rieurs ou post\u00e9rieurs (qu'ils soient implicites ou implicites) en ce qui concerne ces conditions g\u00e9n\u00e9rales d'utilisation.<\/p>\n<p>Toute modification de ces conditions par vous n'est possible qu'avec l'accord \u00e9crit de Zadra Aviation Charter.<\/p>\n<p>Si le contexte le permet, l'utilisation du singulier ici fait appara\u00eetre le pluriel de mani\u00e8re ind\u00e9l\u00e9bile, et l'utilisation des noms de personnes neutres ou masculines fait appara\u00eetre la notion de patrimoine masculin et f\u00e9minin de mani\u00e8re ind\u00e9l\u00e9bile.<\/p>\n<p>Si ce n'est pas le cas, l'expression est utilis\u00e9e pour d\u00e9signer le fait d'\u00eatre un membre d'une famille ou d'un groupe. <strong>\u201coder\u201d<\/strong> nicht ausschlie\u00dflich und <strong>\u201ceinschlie\u00dflich\u201d<\/strong>, <strong>\u201ceinschlie\u00dflich\u201d<\/strong> und <strong>\u201cinsbesondere\u201d<\/strong> ne sont pas identiques.<\/p>\n\n\t\t<\/div>\n\t<\/div>\n<\/div><\/div><\/div><\/div>\n<\/div>","protected":false},"excerpt":{"rendered":"Anwendbares Recht und Gerichtsstand F\u00fcr die folgenden Allgemeinen Gesch\u00e4ftsbedingungen gilt das Schweizer Recht. Die Zadra Aviation Charter GmbH kann jedoch auch vor den Gerichten des Wohnsitzes des Kunden klagen. Eine Berufung vor dem Schweizerischen Bundesgericht ist vorbehalten. Die Zadra Aviation Charter GmbH (CH-170.4.023.055-9) mit Sitz in der Gotthardstrasse 26, 6300 Zug, Schweiz wird fortan als \"Zadra Aviation Charter\" bezeichnet. 1. Serviceleistungen Zadra Aviation Charter ist ein Charterberater (weiterf\u00fchrend als \u201eBerater\u201c bezeichnet) und Flugmakler und arrangiert als solcher Lufttransporte, indem Zadra Aviation Charter als Vermittler oder Berater im Namen und im Auftrag seiner Kunden (weiters als \u201eKunden\u201c oder \u201eMitglied\u201c bezeichnet) Flugzeuge oder Helikoptern von dritten Flugzeugbetreibern chartert. Zadra Aviation Charter agiert nur als Vermittler und Berater, betreibt selbst keine Flugzeuge und ist weder ein vertragliches noch ein indirektes Luftfahrtunternehmen. Zadra Aviation Charter kann Angebote f\u00fcr Luftcharterdienste zusammenfassen, die von dritten Flugzeugbetreibern (den \"Betreibern\") bereitgestellt werden. Die Allgemeinen Gesch\u00e4ftsbedingungen regeln Ihren Zugang [...]","protected":false},"author":227912092,"featured_media":0,"parent":0,"menu_order":0,"comment_status":"closed","ping_status":"closed","template":"page-templates\/full-width.php","meta":{"_acf_changed":false,"footnotes":""},"class_list":["post-9111","page","type-page","status-publish","hentry"],"acf":[],"yoast_head":"<!-- This site is optimized with the Yoast SEO plugin v27.3 - https:\/\/yoast.com\/product\/yoast-seo-wordpress\/ -->\n<title>Terms And Conditions - Zadra Aviation Charter<\/title>\n<meta name=\"robots\" content=\"index, follow, max-snippet:-1, max-image-preview:large, max-video-preview:-1\" \/>\n<link rel=\"canonical\" href=\"https:\/\/zadra-aviationcharter.ch\/fr\/terms-conditions\/\" \/>\n<meta property=\"og:locale\" content=\"fr_FR\" \/>\n<meta property=\"og:type\" content=\"article\" \/>\n<meta property=\"og:title\" content=\"Terms And Conditions - Zadra Aviation Charter\" \/>\n<meta property=\"og:url\" content=\"https:\/\/zadra-aviationcharter.ch\/fr\/terms-conditions\/\" \/>\n<meta property=\"og:site_name\" content=\"Zadra Aviation Charter\" \/>\n<meta property=\"article:modified_time\" content=\"2025-09-15T13:17:55+00:00\" \/>\n<meta name=\"twitter:card\" content=\"summary_large_image\" \/>\n<meta name=\"twitter:label1\" content=\"Dur\u00e9e de lecture estim\u00e9e\" \/>\n\t<meta name=\"twitter:data1\" content=\"7 minutes\" \/>\n<script type=\"application\/ld+json\" class=\"yoast-schema-graph\">{\"@context\":\"https:\\\/\\\/schema.org\",\"@graph\":[{\"@type\":\"WebPage\",\"@id\":\"https:\\\/\\\/zadra-aviationcharter.ch\\\/terms-conditions\\\/\",\"url\":\"https:\\\/\\\/zadra-aviationcharter.ch\\\/terms-conditions\\\/\",\"name\":\"Terms And Conditions - Zadra Aviation Charter\",\"isPartOf\":{\"@id\":\"https:\\\/\\\/zadra-aviationcharter.ch\\\/#website\"},\"datePublished\":\"2023-01-15T10:12:55+00:00\",\"dateModified\":\"2025-09-15T13:17:55+00:00\",\"breadcrumb\":{\"@id\":\"https:\\\/\\\/zadra-aviationcharter.ch\\\/terms-conditions\\\/#breadcrumb\"},\"inLanguage\":\"fr-FR\",\"potentialAction\":[{\"@type\":\"ReadAction\",\"target\":[\"https:\\\/\\\/zadra-aviationcharter.ch\\\/terms-conditions\\\/\"]}]},{\"@type\":\"BreadcrumbList\",\"@id\":\"https:\\\/\\\/zadra-aviationcharter.ch\\\/terms-conditions\\\/#breadcrumb\",\"itemListElement\":[{\"@type\":\"ListItem\",\"position\":1,\"name\":\"Home\",\"item\":\"https:\\\/\\\/zadra-aviationcharter.ch\\\/\"},{\"@type\":\"ListItem\",\"position\":2,\"name\":\"Terms And Conditions\"}]},{\"@type\":\"WebSite\",\"@id\":\"https:\\\/\\\/zadra-aviationcharter.ch\\\/#website\",\"url\":\"https:\\\/\\\/zadra-aviationcharter.ch\\\/\",\"name\":\"Zadra Aviation Charter\",\"description\":\"Transparent broker fees &amp; discretion\",\"publisher\":{\"@id\":\"https:\\\/\\\/zadra-aviationcharter.ch\\\/#organization\"},\"potentialAction\":[{\"@type\":\"SearchAction\",\"target\":{\"@type\":\"EntryPoint\",\"urlTemplate\":\"https:\\\/\\\/zadra-aviationcharter.ch\\\/?s={search_term_string}\"},\"query-input\":{\"@type\":\"PropertyValueSpecification\",\"valueRequired\":true,\"valueName\":\"search_term_string\"}}],\"inLanguage\":\"fr-FR\"},{\"@type\":\"Organization\",\"@id\":\"https:\\\/\\\/zadra-aviationcharter.ch\\\/#organization\",\"name\":\"Zadra Aviation Charter\",\"url\":\"https:\\\/\\\/zadra-aviationcharter.ch\\\/\",\"logo\":{\"@type\":\"ImageObject\",\"inLanguage\":\"fr-FR\",\"@id\":\"https:\\\/\\\/zadra-aviationcharter.ch\\\/#\\\/schema\\\/logo\\\/image\\\/\",\"url\":\"https:\\\/\\\/i0.wp.com\\\/zadra-aviationcharter.ch\\\/wp-content\\\/uploads\\\/2017\\\/07\\\/IMG_4505.png?fit=512%2C512&ssl=1\",\"contentUrl\":\"https:\\\/\\\/i0.wp.com\\\/zadra-aviationcharter.ch\\\/wp-content\\\/uploads\\\/2017\\\/07\\\/IMG_4505.png?fit=512%2C512&ssl=1\",\"width\":512,\"height\":512,\"caption\":\"Zadra Aviation Charter\"},\"image\":{\"@id\":\"https:\\\/\\\/zadra-aviationcharter.ch\\\/#\\\/schema\\\/logo\\\/image\\\/\"},\"sameAs\":[\"https:\\\/\\\/www.instagram.com\\\/zadra_aviation_charter\\\/\",\"https:\\\/\\\/www.linkedin.com\\\/company\\\/zadra-aviation-charter\\\/?originalSubdomain=ch\"]}]}<\/script>\n<!-- \/ Yoast SEO plugin. -->","yoast_head_json":{"title":"Terms And Conditions - Zadra Aviation Charter","robots":{"index":"index","follow":"follow","max-snippet":"max-snippet:-1","max-image-preview":"max-image-preview:large","max-video-preview":"max-video-preview:-1"},"canonical":"https:\/\/zadra-aviationcharter.ch\/fr\/terms-conditions\/","og_locale":"fr_FR","og_type":"article","og_title":"Terms And Conditions - Zadra Aviation Charter","og_url":"https:\/\/zadra-aviationcharter.ch\/fr\/terms-conditions\/","og_site_name":"Zadra Aviation Charter","article_modified_time":"2025-09-15T13:17:55+00:00","twitter_card":"summary_large_image","twitter_misc":{"Dur\u00e9e de lecture estim\u00e9e":"7 minutes"},"schema":{"@context":"https:\/\/schema.org","@graph":[{"@type":"WebPage","@id":"https:\/\/zadra-aviationcharter.ch\/terms-conditions\/","url":"https:\/\/zadra-aviationcharter.ch\/terms-conditions\/","name":"Terms And Conditions - Zadra Aviation Charter","isPartOf":{"@id":"https:\/\/zadra-aviationcharter.ch\/#website"},"datePublished":"2023-01-15T10:12:55+00:00","dateModified":"2025-09-15T13:17:55+00:00","breadcrumb":{"@id":"https:\/\/zadra-aviationcharter.ch\/terms-conditions\/#breadcrumb"},"inLanguage":"fr-FR","potentialAction":[{"@type":"ReadAction","target":["https:\/\/zadra-aviationcharter.ch\/terms-conditions\/"]}]},{"@type":"BreadcrumbList","@id":"https:\/\/zadra-aviationcharter.ch\/terms-conditions\/#breadcrumb","itemListElement":[{"@type":"ListItem","position":1,"name":"Home","item":"https:\/\/zadra-aviationcharter.ch\/"},{"@type":"ListItem","position":2,"name":"Terms And Conditions"}]},{"@type":"WebSite","@id":"https:\/\/zadra-aviationcharter.ch\/#website","url":"https:\/\/zadra-aviationcharter.ch\/","name":"Zadra Aviation Charter","description":"Transparent broker fees &amp; discretion","publisher":{"@id":"https:\/\/zadra-aviationcharter.ch\/#organization"},"potentialAction":[{"@type":"SearchAction","target":{"@type":"EntryPoint","urlTemplate":"https:\/\/zadra-aviationcharter.ch\/?s={search_term_string}"},"query-input":{"@type":"PropertyValueSpecification","valueRequired":true,"valueName":"search_term_string"}}],"inLanguage":"fr-FR"},{"@type":"Organization","@id":"https:\/\/zadra-aviationcharter.ch\/#organization","name":"Zadra Aviation Charter","url":"https:\/\/zadra-aviationcharter.ch\/","logo":{"@type":"ImageObject","inLanguage":"fr-FR","@id":"https:\/\/zadra-aviationcharter.ch\/#\/schema\/logo\/image\/","url":"https:\/\/i0.wp.com\/zadra-aviationcharter.ch\/wp-content\/uploads\/2017\/07\/IMG_4505.png?fit=512%2C512&ssl=1","contentUrl":"https:\/\/i0.wp.com\/zadra-aviationcharter.ch\/wp-content\/uploads\/2017\/07\/IMG_4505.png?fit=512%2C512&ssl=1","width":512,"height":512,"caption":"Zadra Aviation Charter"},"image":{"@id":"https:\/\/zadra-aviationcharter.ch\/#\/schema\/logo\/image\/"},"sameAs":["https:\/\/www.instagram.com\/zadra_aviation_charter\/","https:\/\/www.linkedin.com\/company\/zadra-aviation-charter\/?originalSubdomain=ch"]}]}},"_links":{"self":[{"href":"https:\/\/zadra-aviationcharter.ch\/fr\/wp-json\/wp\/v2\/pages\/9111","targetHints":{"allow":["GET"]}}],"collection":[{"href":"https:\/\/zadra-aviationcharter.ch\/fr\/wp-json\/wp\/v2\/pages"}],"about":[{"href":"https:\/\/zadra-aviationcharter.ch\/fr\/wp-json\/wp\/v2\/types\/page"}],"author":[{"embeddable":true,"href":"https:\/\/zadra-aviationcharter.ch\/fr\/wp-json\/wp\/v2\/users\/227912092"}],"replies":[{"embeddable":true,"href":"https:\/\/zadra-aviationcharter.ch\/fr\/wp-json\/wp\/v2\/comments?post=9111"}],"version-history":[{"count":2,"href":"https:\/\/zadra-aviationcharter.ch\/fr\/wp-json\/wp\/v2\/pages\/9111\/revisions"}],"predecessor-version":[{"id":11819,"href":"https:\/\/zadra-aviationcharter.ch\/fr\/wp-json\/wp\/v2\/pages\/9111\/revisions\/11819"}],"wp:attachment":[{"href":"https:\/\/zadra-aviationcharter.ch\/fr\/wp-json\/wp\/v2\/media?parent=9111"}],"curies":[{"name":"wp","href":"https:\/\/api.w.org\/{rel}","templated":true}]}}